{"id":14,"date":"2025-09-25T06:10:40","date_gmt":"2025-09-25T06:10:40","guid":{"rendered":"https:\/\/rynoxai.com\/?page_id=14"},"modified":"2025-09-25T12:42:50","modified_gmt":"2025-09-25T12:42:50","slug":"sobre-nosotros","status":"publish","type":"page","link":"https:\/\/rynoxai.com\/es\/about-us\/","title":{"rendered":"Sobre nosotros"},"content":{"rendered":"<div data-elementor-type=\"wp-page\" data-elementor-id=\"14\" class=\"elementor elementor-14\" data-elementor-post-type=\"page\">\n\t\t\t\t<div class=\"elementor-element elementor-element-a25ae5d e-flex e-con-boxed e-con e-parent\" data-id=\"a25ae5d\" data-element_type=\"container\" data-e-type=\"container\">\n\t\t\t\t\t<div class=\"e-con-inner\">\n\t\t\t\t<div class=\"elementor-element elementor-element-564afbc elementor-widget elementor-widget-heading\" data-id=\"564afbc\" data-element_type=\"widget\" data-e-type=\"widget\" data-widget_type=\"heading.default\">\n\t\t\t\t\t<h1 class=\"elementor-heading-title elementor-size-default\"><span style=\"color:#8a705d\">Acerca de <\/span> Nosotras<\/h1>\t\t\t\t<\/div>\n\t\t\t\t<div class=\"elementor-element elementor-element-bd60206 elementor-icon-list--layout-inline elementor-list-item-link-full_width elementor-widget elementor-widget-icon-list\" data-id=\"bd60206\" data-element_type=\"widget\" data-e-type=\"widget\" data-widget_type=\"icon-list.default\">\n\t\t\t\t\t\t\t<ul class=\"elementor-icon-list-items elementor-inline-items\">\n\t\t\t\t\t\t\t<li class=\"elementor-icon-list-item elementor-inline-item\">\n\t\t\t\t\t\t\t\t\t\t\t<a href=\"https:\/\/rynoxai.com\/es\">\n\n\t\t\t\t\t\t\t\t\t\t\t<span class=\"elementor-icon-list-text\">Hogar<\/span>\n\t\t\t\t\t\t\t\t\t\t\t<\/a>\n\t\t\t\t\t\t\t\t\t<\/li>\n\t\t\t\t\t\t\t\t<li class=\"elementor-icon-list-item elementor-inline-item\">\n\t\t\t\t\t\t\t\t\t\t\t<span class=\"elementor-icon-list-icon\">\n\t\t\t\t\t\t\t<svg aria-hidden=\"true\" class=\"e-font-icon-svg e-fas-share\" viewbox=\"0 0 512 512\" xmlns=\"http:\/\/www.w3.org\/2000\/svg\"><path d=\"M503.691 189.836L327.687 37.851C312.281 24.546 288 35.347 288 56.015v80.053C127.371 137.907 0 170.1 0 322.326c0 61.441 39.581 122.309 83.333 154.132 13.653 9.931 33.111-2.533 28.077-18.631C66.066 312.814 132.917 274.316 288 272.085V360c0 20.7 24.3 31.453 39.687 18.164l176.004-152c11.071-9.562 11.086-26.753 0-36.328z\"><\/path><\/svg>\t\t\t\t\t\t<\/span>\n\t\t\t\t\t\t\t\t\t\t<span class=\"elementor-icon-list-text\">Sobre nosotros<\/span>\n\t\t\t\t\t\t\t\t\t<\/li>\n\t\t\t\t\t\t<\/ul>\n\t\t\t\t\t\t<\/div>\n\t\t\t\t\t<\/div>\n\t\t\t\t<\/div>\n\t\t<div class=\"elementor-element elementor-element-bf84735 e-flex e-con-boxed e-con e-parent\" data-id=\"bf84735\" data-element_type=\"container\" data-e-type=\"container\">\n\t\t\t\t\t<div class=\"e-con-inner\">\n\t\t<div class=\"elementor-element elementor-element-e59ba2a e-con-full e-flex e-con e-child\" data-id=\"e59ba2a\" data-element_type=\"container\" data-e-type=\"container\">\n\t\t\t\t<div class=\"elementor-element elementor-element-cc7dca7 elementor-widget elementor-widget-heading\" data-id=\"cc7dca7\" data-element_type=\"widget\" data-e-type=\"widget\" data-widget_type=\"heading.default\">\n\t\t\t\t\t<h2 class=\"elementor-heading-title elementor-size-default\">Empoderar a las comerciantes con <span style=\"color:#8a705d\">Inteligente <\/span> Tecnolog\u00eda<\/h2>\t\t\t\t<\/div>\n\t\t\t\t<div class=\"elementor-element elementor-element-b41b038 elementor-widget elementor-widget-text-editor\" data-id=\"b41b038\" data-element_type=\"widget\" data-e-type=\"widget\" data-widget_type=\"text-editor.default\">\n\t\t\t\t\t\t\t\t\tEn Rynox AI, nuestra misi\u00f3n es hacer que el trading sofisticado sea accesible para todos. Combinamos inteligencia artificial avanzada, an\u00e1lisis de mercado en tiempo real y una plataforma intuitiva para ayudar a los inversores a operar de forma m\u00e1s inteligente y con mayor confianza. Nuestro equipo de analistas de mercado, cient\u00edficos de datos y expertos en tecnolog\u00eda trabaja incansablemente para ofrecer herramientas seguras y fiables que se adaptan a las condiciones cambiantes del mercado. Tanto si eres un inversor principiante como un profesional experimentado, Rynox AI te proporciona la innovaci\u00f3n y el apoyo que necesitas para estar siempre a la vanguardia.\t\t\t\t\t\t\t\t<\/div>\n\t\t\t\t<\/div>\n\t\t<div class=\"elementor-element elementor-element-14f0249 e-con-full e-flex e-con e-child\" data-id=\"14f0249\" data-element_type=\"container\" data-e-type=\"container\">\n\t\t\t\t<div class=\"elementor-element elementor-element-c1e7a5a elementor-widget elementor-widget-image\" data-id=\"c1e7a5a\" data-element_type=\"widget\" data-e-type=\"widget\" data-widget_type=\"image.default\">\n\t\t\t\t\t\t\t\t\t\t\t\t\t\t\t<img fetchpriority=\"high\" decoding=\"async\" width=\"740\" height=\"740\" src=\"https:\/\/rynoxai.com\/wp-content\/uploads\/2025\/09\/man-sits-desk-front-computer-scr.webp\" class=\"attachment-large size-large wp-image-151\" alt=\"Rynox auto trading\" srcset=\"https:\/\/rynoxai.com\/wp-content\/uploads\/2025\/09\/man-sits-desk-front-computer-scr.webp 740w, https:\/\/rynoxai.com\/wp-content\/uploads\/2025\/09\/man-sits-desk-front-computer-scr-300x300.webp 300w, https:\/\/rynoxai.com\/wp-content\/uploads\/2025\/09\/man-sits-desk-front-computer-scr-150x150.webp 150w\" sizes=\"(max-width: 740px) 100vw, 740px\" \/>\t\t\t\t\t\t\t\t\t\t\t\t\t\t\t<\/div>\n\t\t\t\t<\/div>\n\t\t\t\t\t<\/div>\n\t\t\t\t<\/div>\n\t\t<div class=\"elementor-element elementor-element-4702eb9 e-flex e-con-boxed e-con e-parent\" data-id=\"4702eb9\" data-element_type=\"container\" data-e-type=\"container\">\n\t\t\t\t\t<div class=\"e-con-inner\">\n\t\t<div class=\"elementor-element elementor-element-40db359 e-con-full e-flex e-con e-child\" data-id=\"40db359\" data-element_type=\"container\" data-e-type=\"container\" data-settings=\"{&quot;background_background&quot;:&quot;classic&quot;}\">\n\t\t<div class=\"elementor-element elementor-element-56e7e4a e-con-full e-flex e-con e-child\" data-id=\"56e7e4a\" data-element_type=\"container\" data-e-type=\"container\">\n\t\t\t\t<div class=\"elementor-element elementor-element-feaf958 elementor-widget elementor-widget-heading\" data-id=\"feaf958\" data-element_type=\"widget\" data-e-type=\"widget\" data-widget_type=\"heading.default\">\n\t\t\t\t\t<h2 class=\"elementor-heading-title elementor-size-default\">Nuestra visi\u00f3n y compromiso<\/h2>\t\t\t\t<\/div>\n\t\t\t\t<div class=\"elementor-element elementor-element-35d6fd4 elementor-widget elementor-widget-text-editor\" data-id=\"35d6fd4\" data-element_type=\"widget\" data-e-type=\"widget\" data-widget_type=\"text-editor.default\">\n\t\t\t\t\t\t\t\t\tRynox AI se fund\u00f3 con la convicci\u00f3n de que la tecnolog\u00eda de vanguardia debe empoderar, no intimidar, a los inversores comunes. Nuestra visi\u00f3n es crear un mundo donde cualquier persona pueda operar con confianza gracias a la automatizaci\u00f3n inteligente y la transparencia de los datos. Nos comprometemos con la innovaci\u00f3n continua, los estrictos est\u00e1ndares de seguridad y una atenci\u00f3n al cliente excepcional, para que usted pueda concentrarse en alcanzar sus objetivos financieros mientras nosotros nos encargamos de la complejidad de los mercados.\t\t\t\t\t\t\t\t<\/div>\n\t\t\t\t<\/div>\n\t\t<div class=\"elementor-element elementor-element-f8e4336 e-con-full e-flex e-con e-child\" data-id=\"f8e4336\" data-element_type=\"container\" data-e-type=\"container\">\n\t\t\t\t<div class=\"elementor-element elementor-element-6d82073 elementor-widget__width-initial elementor-widget elementor-widget-image\" data-id=\"6d82073\" data-element_type=\"widget\" data-e-type=\"widget\" data-widget_type=\"image.default\">\n\t\t\t\t\t\t\t\t\t\t\t\t\t\t\t<img decoding=\"async\" width=\"408\" height=\"612\" src=\"https:\/\/rynoxai.com\/wp-content\/uploads\/2025\/09\/raw__5_-removebg-preview.webp\" class=\"attachment-large size-large wp-image-153\" alt=\"person\" srcset=\"https:\/\/rynoxai.com\/wp-content\/uploads\/2025\/09\/raw__5_-removebg-preview.webp 408w, https:\/\/rynoxai.com\/wp-content\/uploads\/2025\/09\/raw__5_-removebg-preview-200x300.webp 200w\" sizes=\"(max-width: 408px) 100vw, 408px\" \/>\t\t\t\t\t\t\t\t\t\t\t\t\t\t\t<\/div>\n\t\t\t\t<\/div>\n\t\t\t\t<\/div>\n\t\t\t\t\t<\/div>\n\t\t\t\t<\/div>\n\t\t<div class=\"elementor-element elementor-element-2a8ae53 e-flex e-con-boxed e-con e-parent\" data-id=\"2a8ae53\" data-element_type=\"container\" data-e-type=\"container\">\n\t\t\t\t\t<div class=\"e-con-inner\">\n\t\t<div class=\"elementor-element elementor-element-284d8ab e-con-full e-flex e-con e-child\" data-id=\"284d8ab\" data-element_type=\"container\" data-e-type=\"container\">\n\t\t\t\t<div class=\"elementor-element elementor-element-6b9c610 elementor-widget elementor-widget-image\" data-id=\"6b9c610\" data-element_type=\"widget\" data-e-type=\"widget\" data-widget_type=\"image.default\">\n\t\t\t\t\t\t\t\t\t\t\t\t\t\t\t<img decoding=\"async\" width=\"740\" height=\"740\" src=\"https:\/\/rynoxai.com\/wp-content\/uploads\/2025\/09\/focused-forex-trader-analyzing-l.webp\" class=\"attachment-large size-large wp-image-154\" alt=\"Rynox AI trading system\" srcset=\"https:\/\/rynoxai.com\/wp-content\/uploads\/2025\/09\/focused-forex-trader-analyzing-l.webp 740w, https:\/\/rynoxai.com\/wp-content\/uploads\/2025\/09\/focused-forex-trader-analyzing-l-300x300.webp 300w, https:\/\/rynoxai.com\/wp-content\/uploads\/2025\/09\/focused-forex-trader-analyzing-l-150x150.webp 150w\" sizes=\"(max-width: 740px) 100vw, 740px\" \/>\t\t\t\t\t\t\t\t\t\t\t\t\t\t\t<\/div>\n\t\t\t\t<\/div>\n\t\t<div class=\"elementor-element elementor-element-6d34a9c e-con-full e-flex e-con e-child\" data-id=\"6d34a9c\" data-element_type=\"container\" data-e-type=\"container\">\n\t\t\t\t<div class=\"elementor-element elementor-element-b384b1e elementor-widget elementor-widget-heading\" data-id=\"b384b1e\" data-element_type=\"widget\" data-e-type=\"widget\" data-widget_type=\"heading.default\">\n\t\t\t\t\t<h2 class=\"elementor-heading-title elementor-size-default\">Impulsado por <span style=\"color:#8a705d\">Competenza<\/span> Impulsado por la innovaci\u00f3n<\/h2>\t\t\t\t<\/div>\n\t\t\t\t<div class=\"elementor-element elementor-element-c304123 elementor-widget elementor-widget-text-editor\" data-id=\"c304123\" data-element_type=\"widget\" data-e-type=\"widget\" data-widget_type=\"text-editor.default\">\n\t\t\t\t\t\t\t\t\t<p>Detr\u00e1s de Rynox AI se encuentra un equipo diverso de analistas de mercado, cient\u00edficos de datos y profesionales de la tecnolog\u00eda dedicados a redefinir el trading moderno. Combinamos un profundo conocimiento financiero con investigaci\u00f3n de IA de vanguardia para crear herramientas que no solo son potentes, sino tambi\u00e9n intuitivas y seguras. Cada funci\u00f3n que lanzamos es el resultado de una investigaci\u00f3n minuciosa y pruebas rigurosas, para que pueda confiar en una plataforma que evoluciona con los mercados y mantiene sus inversiones a la vanguardia.<\/p>\t\t\t\t\t\t\t\t<\/div>\n\t\t\t\t<\/div>\n\t\t\t\t\t<\/div>\n\t\t\t\t<\/div>\n\t\t\t\t<\/div>","protected":false},"excerpt":{"rendered":"<p>About Us Home About Us Empowering Traders with Intelligent Technology At Rynox AI, our mission is to make sophisticated trading accessible to everyone. We combine advanced artificial intelligence, real-time market analysis, and a user-friendly platform to help investors trade smarter and with greater confidence. Our team of market analysts, data scientists, and technology experts works [&hellip;]<\/p>\n","protected":false},"author":1,"featured_media":0,"parent":0,"menu_order":0,"comment_status":"closed","ping_status":"closed","template":"elementor_header_footer","meta":{"footnotes":""},"class_list":["post-14","page","type-page","status-publish","hentry"],"_links":{"self":[{"href":"https:\/\/rynoxai.com\/es\/wp-json\/wp\/v2\/pages\/14","targetHints":{"allow":["GET"]}}],"collection":[{"href":"https:\/\/rynoxai.com\/es\/wp-json\/wp\/v2\/pages"}],"about":[{"href":"https:\/\/rynoxai.com\/es\/wp-json\/wp\/v2\/types\/page"}],"author":[{"embeddable":true,"href":"https:\/\/rynoxai.com\/es\/wp-json\/wp\/v2\/users\/1"}],"replies":[{"embeddable":true,"href":"https:\/\/rynoxai.com\/es\/wp-json\/wp\/v2\/comments?post=14"}],"version-history":[{"count":0,"href":"https:\/\/rynoxai.com\/es\/wp-json\/wp\/v2\/pages\/14\/revisions"}],"wp:attachment":[{"href":"https:\/\/rynoxai.com\/es\/wp-json\/wp\/v2\/media?parent=14"}],"curies":[{"name":"wp","href":"https:\/\/api.w.org\/{rel}","templated":true}]}}