{"id":20,"date":"2025-09-25T06:13:15","date_gmt":"2025-09-25T06:13:15","guid":{"rendered":"https:\/\/rynoxai.com\/?page_id=20"},"modified":"2025-09-26T07:50:37","modified_gmt":"2025-09-26T07:50:37","slug":"terminos-y-condiciones","status":"publish","type":"page","link":"https:\/\/rynoxai.com\/es\/terms-and-conditions\/","title":{"rendered":"Terms and Conditions"},"content":{"rendered":"<div data-elementor-type=\"wp-page\" data-elementor-id=\"20\" class=\"elementor elementor-20\" data-elementor-post-type=\"page\">\n\t\t\t\t<div class=\"elementor-element elementor-element-9836c70 e-flex e-con-boxed e-con e-parent\" data-id=\"9836c70\" data-element_type=\"container\" data-e-type=\"container\">\n\t\t\t\t\t<div class=\"e-con-inner\">\n\t\t\t\t<div class=\"elementor-element elementor-element-379b637 elementor-widget elementor-widget-heading\" data-id=\"379b637\" data-element_type=\"widget\" data-e-type=\"widget\" data-widget_type=\"heading.default\">\n\t\t\t\t\t<h1 class=\"elementor-heading-title elementor-size-default\"><span style=\"color:#8a705d\">T\u00e9rminos &amp;<\/span> Condiciones<\/h1>\t\t\t\t<\/div>\n\t\t\t\t<div class=\"elementor-element elementor-element-302bad7 elementor-icon-list--layout-inline elementor-list-item-link-full_width elementor-widget elementor-widget-icon-list\" data-id=\"302bad7\" data-element_type=\"widget\" data-e-type=\"widget\" data-widget_type=\"icon-list.default\">\n\t\t\t\t\t\t\t<ul class=\"elementor-icon-list-items elementor-inline-items\">\n\t\t\t\t\t\t\t<li class=\"elementor-icon-list-item elementor-inline-item\">\n\t\t\t\t\t\t\t\t\t\t\t<a href=\"https:\/\/rynoxai.com\/es\">\n\n\t\t\t\t\t\t\t\t\t\t\t<span class=\"elementor-icon-list-text\">Hogar<\/span>\n\t\t\t\t\t\t\t\t\t\t\t<\/a>\n\t\t\t\t\t\t\t\t\t<\/li>\n\t\t\t\t\t\t\t\t<li class=\"elementor-icon-list-item elementor-inline-item\">\n\t\t\t\t\t\t\t\t\t\t\t<span class=\"elementor-icon-list-icon\">\n\t\t\t\t\t\t\t<svg aria-hidden=\"true\" class=\"e-font-icon-svg e-fas-share\" viewbox=\"0 0 512 512\" xmlns=\"http:\/\/www.w3.org\/2000\/svg\"><path d=\"M503.691 189.836L327.687 37.851C312.281 24.546 288 35.347 288 56.015v80.053C127.371 137.907 0 170.1 0 322.326c0 61.441 39.581 122.309 83.333 154.132 13.653 9.931 33.111-2.533 28.077-18.631C66.066 312.814 132.917 274.316 288 272.085V360c0 20.7 24.3 31.453 39.687 18.164l176.004-152c11.071-9.562 11.086-26.753 0-36.328z\"><\/path><\/svg>\t\t\t\t\t\t<\/span>\n\t\t\t\t\t\t\t\t\t\t<span class=\"elementor-icon-list-text\">T\u00e9rminos y condiciones<\/span>\n\t\t\t\t\t\t\t\t\t<\/li>\n\t\t\t\t\t\t<\/ul>\n\t\t\t\t\t\t<\/div>\n\t\t\t\t\t<\/div>\n\t\t\t\t<\/div>\n\t\t<div class=\"elementor-element elementor-element-f0669b7 e-flex e-con-boxed e-con e-parent\" data-id=\"f0669b7\" data-element_type=\"container\" data-e-type=\"container\">\n\t\t\t\t\t<div class=\"e-con-inner\">\n\t\t\t\t<div class=\"elementor-element elementor-element-ecc2334 elementor-widget elementor-widget-text-editor\" data-id=\"ecc2334\" data-element_type=\"widget\" data-e-type=\"widget\" data-widget_type=\"text-editor.default\">\n\t\t\t\t\t\t\t\t\tBienvenido a Rynox AI. Al acceder o utilizar nuestro sitio web y plataforma de trading, usted acepta los siguientes t\u00e9rminos y condiciones. L\u00e9alos atentamente.\t\t\t\t\t\t\t\t<\/div>\n\t\t\t\t<div class=\"elementor-element elementor-element-4e11d0e elementor-widget elementor-widget-heading\" data-id=\"4e11d0e\" data-element_type=\"widget\" data-e-type=\"widget\" data-widget_type=\"heading.default\">\n\t\t\t\t\t<h2 class=\"elementor-heading-title elementor-size-default\">1. Aceptaci\u00f3n de los T\u00e9rminos<\/h2>\t\t\t\t<\/div>\n\t\t\t\t<div class=\"elementor-element elementor-element-c79beec elementor-widget elementor-widget-text-editor\" data-id=\"c79beec\" data-element_type=\"widget\" data-e-type=\"widget\" data-widget_type=\"text-editor.default\">\n\t\t\t\t\t\t\t\t\tAl crear una cuenta o utilizar nuestros servicios, usted reconoce haber le\u00eddo, comprendido y aceptado estos T\u00e9rminos y Condiciones. Si no est\u00e1 de acuerdo, debe dejar de utilizar nuestra plataforma.\t\t\t\t\t\t\t\t<\/div>\n\t\t\t\t<div class=\"elementor-element elementor-element-afe4e60 elementor-widget elementor-widget-heading\" data-id=\"afe4e60\" data-element_type=\"widget\" data-e-type=\"widget\" data-widget_type=\"heading.default\">\n\t\t\t\t\t<h2 class=\"elementor-heading-title elementor-size-default\">2. Requisitos de elegibilidad<\/h2>\t\t\t\t<\/div>\n\t\t\t\t<div class=\"elementor-element elementor-element-2798303 elementor-widget elementor-widget-text-editor\" data-id=\"2798303\" data-element_type=\"widget\" data-e-type=\"widget\" data-widget_type=\"text-editor.default\">\n\t\t\t\t\t\t\t\t\t<p>Para crear una cuenta y utilizar Rynox AI, debe tener al menos 18 a\u00f1os o la mayor\u00eda de edad legal en su jurisdicci\u00f3n.<\/p>\t\t\t\t\t\t\t\t<\/div>\n\t\t\t\t<div class=\"elementor-element elementor-element-7098c9f elementor-widget elementor-widget-heading\" data-id=\"7098c9f\" data-element_type=\"widget\" data-e-type=\"widget\" data-widget_type=\"heading.default\">\n\t\t\t\t\t<h2 class=\"elementor-heading-title elementor-size-default\">3. Responsabilidades de la cuenta<\/h2>\t\t\t\t<\/div>\n\t\t\t\t<div class=\"elementor-element elementor-element-67c20b0 elementor-widget elementor-widget-text-editor\" data-id=\"67c20b0\" data-element_type=\"widget\" data-e-type=\"widget\" data-widget_type=\"text-editor.default\">\n\t\t\t\t\t\t\t\t\t<ul>\n  <li>Usted es responsable de mantener la confidencialidad de las credenciales de su cuenta.<\/li>\n  <li>Toda actividad realizada en su cuenta es responsabilidad suya.<\/li>\n  <li>Inf\u00f3rmenos inmediatamente si sospecha de un uso no autorizado.<\/li>\n<\/ul>\n\t\t\t\t\t\t\t\t<\/div>\n\t\t\t\t<div class=\"elementor-element elementor-element-80bc5ad elementor-widget elementor-widget-heading\" data-id=\"80bc5ad\" data-element_type=\"widget\" data-e-type=\"widget\" data-widget_type=\"heading.default\">\n\t\t\t\t\t<h2 class=\"elementor-heading-title elementor-size-default\">4. Servicios prestados<\/h2>\t\t\t\t<\/div>\n\t\t\t\t<div class=\"elementor-element elementor-element-f30ff79 elementor-widget elementor-widget-text-editor\" data-id=\"f30ff79\" data-element_type=\"widget\" data-e-type=\"widget\" data-widget_type=\"text-editor.default\">\n\t\t\t\t\t\t\t\t\tRynox AI ofrece herramientas de trading y an\u00e1lisis de mercado basadas en inteligencia artificial. No proporcionamos asesoramiento financiero personalizado y usted es responsable de todas sus decisiones de inversi\u00f3n.\t\t\t\t\t\t\t\t<\/div>\n\t\t\t\t<div class=\"elementor-element elementor-element-4301bf3 elementor-widget elementor-widget-heading\" data-id=\"4301bf3\" data-element_type=\"widget\" data-e-type=\"widget\" data-widget_type=\"heading.default\">\n\t\t\t\t\t<h2 class=\"elementor-heading-title elementor-size-default\">5. Reconocimiento de riesgos<\/h2>\t\t\t\t<\/div>\n\t\t\t\t<div class=\"elementor-element elementor-element-f8b498f elementor-widget elementor-widget-text-editor\" data-id=\"f8b498f\" data-element_type=\"widget\" data-e-type=\"widget\" data-widget_type=\"text-editor.default\">\n\t\t\t\t\t\t\t\t\t<p>Operar en los mercados financieros conlleva un riesgo significativo, incluyendo la posible p\u00e9rdida de capital. El rendimiento pasado no garantiza resultados futuros. Utilice Rynox AI bajo su propia responsabilidad.<\/p>\t\t\t\t\t\t\t\t<\/div>\n\t\t\t\t<div class=\"elementor-element elementor-element-bfe730a elementor-widget elementor-widget-heading\" data-id=\"bfe730a\" data-element_type=\"widget\" data-e-type=\"widget\" data-widget_type=\"heading.default\">\n\t\t\t\t\t<h2 class=\"elementor-heading-title elementor-size-default\">6. Pagos y tarifas<\/h2>\t\t\t\t<\/div>\n\t\t\t\t<div class=\"elementor-element elementor-element-cf11836 elementor-widget elementor-widget-text-editor\" data-id=\"cf11836\" data-element_type=\"widget\" data-e-type=\"widget\" data-widget_type=\"text-editor.default\">\n\t\t\t\t\t\t\t\t\tUsted acepta pagar todas las tarifas y cargos aplicables, tal como se indica en nuestro sitio web. Todos los pagos son definitivos, a menos que se especifique lo contrario.\t\t\t\t\t\t\t\t<\/div>\n\t\t\t\t<div class=\"elementor-element elementor-element-1bef54d elementor-widget elementor-widget-heading\" data-id=\"1bef54d\" data-element_type=\"widget\" data-e-type=\"widget\" data-widget_type=\"heading.default\">\n\t\t\t\t\t<h2 class=\"elementor-heading-title elementor-size-default\">7. Actividades prohibidas<\/h2>\t\t\t\t<\/div>\n\t\t\t\t<div class=\"elementor-element elementor-element-006c12f elementor-widget elementor-widget-text-editor\" data-id=\"006c12f\" data-element_type=\"widget\" data-e-type=\"widget\" data-widget_type=\"text-editor.default\">\n\t\t\t\t\t\t\t\t\t<p>Usted acepta no hacerlo<\/p>\n<ul>\n  <li>Utilizar la plataforma con fines il\u00edcitos o fraudulentos.<\/li>\n  <li>Intentar interferir con la seguridad o el correcto funcionamiento de la plataforma.<\/li>\n  <li>Copiar, modificar o aplicar ingenier\u00eda inversa a nuestro software o servicios.<\/li>\n<\/ul>\n\t\t\t\t\t\t\t\t<\/div>\n\t\t\t\t<div class=\"elementor-element elementor-element-4954f0c elementor-widget elementor-widget-heading\" data-id=\"4954f0c\" data-element_type=\"widget\" data-e-type=\"widget\" data-widget_type=\"heading.default\">\n\t\t\t\t\t<h2 class=\"elementor-heading-title elementor-size-default\">8. Propiedad intelectual<\/h2>\t\t\t\t<\/div>\n\t\t\t\t<div class=\"elementor-element elementor-element-f4b2058 elementor-widget elementor-widget-text-editor\" data-id=\"f4b2058\" data-element_type=\"widget\" data-e-type=\"widget\" data-widget_type=\"text-editor.default\">\n\t\t\t\t\t\t\t\t\t<p>Todo el contenido, las marcas comerciales y el software de Rynox AI son propiedad de la empresa y no pueden reproducirse ni distribuirse sin autorizaci\u00f3n por escrito.<\/p>\t\t\t\t\t\t\t\t<\/div>\n\t\t\t\t<div class=\"elementor-element elementor-element-2790981 elementor-widget elementor-widget-heading\" data-id=\"2790981\" data-element_type=\"widget\" data-e-type=\"widget\" data-widget_type=\"heading.default\">\n\t\t\t\t\t<h2 class=\"elementor-heading-title elementor-size-default\">9. Limitaci\u00f3n de responsabilidad<\/h2>\t\t\t\t<\/div>\n\t\t\t\t<div class=\"elementor-element elementor-element-20cb509 elementor-widget elementor-widget-text-editor\" data-id=\"20cb509\" data-element_type=\"widget\" data-e-type=\"widget\" data-widget_type=\"text-editor.default\">\n\t\t\t\t\t\t\t\t\tRynox AI y sus afiliados no ser\u00e1n responsables de ning\u00fan da\u00f1o indirecto, incidental o consecuente que surja del uso que usted haga de la plataforma.\t\t\t\t\t\t\t\t<\/div>\n\t\t\t\t<div class=\"elementor-element elementor-element-3a38be3 elementor-widget elementor-widget-heading\" data-id=\"3a38be3\" data-element_type=\"widget\" data-e-type=\"widget\" data-widget_type=\"heading.default\">\n\t\t\t\t\t<h2 class=\"elementor-heading-title elementor-size-default\">10. Terminaci\u00f3n<\/h2>\t\t\t\t<\/div>\n\t\t\t\t<div class=\"elementor-element elementor-element-cf91826 elementor-widget elementor-widget-text-editor\" data-id=\"cf91826\" data-element_type=\"widget\" data-e-type=\"widget\" data-widget_type=\"text-editor.default\">\n\t\t\t\t\t\t\t\t\tPodemos suspender o cancelar su cuenta a nuestra discreci\u00f3n si usted infringe estos T\u00e9rminos y Condiciones o participa en actividades sospechosas.\t\t\t\t\t\t\t\t<\/div>\n\t\t\t\t<div class=\"elementor-element elementor-element-160f360 elementor-widget elementor-widget-heading\" data-id=\"160f360\" data-element_type=\"widget\" data-e-type=\"widget\" data-widget_type=\"heading.default\">\n\t\t\t\t\t<h2 class=\"elementor-heading-title elementor-size-default\">11. Cambios en los T\u00e9rminos<\/h2>\t\t\t\t<\/div>\n\t\t\t\t<div class=\"elementor-element elementor-element-1fda45d elementor-widget elementor-widget-text-editor\" data-id=\"1fda45d\" data-element_type=\"widget\" data-e-type=\"widget\" data-widget_type=\"text-editor.default\">\n\t\t\t\t\t\t\t\t\tNos reservamos el derecho de modificar estos T\u00e9rminos y Condiciones en cualquier momento. Las actualizaciones se publicar\u00e1n en esta p\u00e1gina con la fecha de entrada en vigor revisada.\t\t\t\t\t\t\t\t<\/div>\n\t\t\t\t<div class=\"elementor-element elementor-element-276e2f5 elementor-widget elementor-widget-heading\" data-id=\"276e2f5\" data-element_type=\"widget\" data-e-type=\"widget\" data-widget_type=\"heading.default\">\n\t\t\t\t\t<h2 class=\"elementor-heading-title elementor-size-default\">12. Contacta con nosotros<\/h2>\t\t\t\t<\/div>\n\t\t\t\t<div class=\"elementor-element elementor-element-dc08579 elementor-widget elementor-widget-text-editor\" data-id=\"dc08579\" data-element_type=\"widget\" data-e-type=\"widget\" data-widget_type=\"text-editor.default\">\n\t\t\t\t\t\t\t\t\t<p>Para cualquier pregunta sobre estos T\u00e9rminos y Condiciones, p\u00f3ngase en contacto con nosotros en <br \/>Correo electr\u00f3nico <strong><a href=\"mailto:support@rynoxai.com\">support@rynoxai.com<\/a><\/strong><\/p>\t\t\t\t\t\t\t\t<\/div>\n\t\t\t\t\t<\/div>\n\t\t\t\t<\/div>\n\t\t\t\t<\/div>","protected":false},"excerpt":{"rendered":"<p>Terms &amp; Conditions Home Terms &amp; Conditions Welcome to Rynox AI. By accessing or using our website and trading platform, you agree to the following terms and conditions. Please read them carefully. 1. Acceptance of Terms By creating an account or using our services, you acknowledge that you have read, understood, and agreed to these [&hellip;]<\/p>\n","protected":false},"author":1,"featured_media":0,"parent":0,"menu_order":0,"comment_status":"closed","ping_status":"closed","template":"elementor_header_footer","meta":{"footnotes":""},"class_list":["post-20","page","type-page","status-publish","hentry"],"_links":{"self":[{"href":"https:\/\/rynoxai.com\/es\/wp-json\/wp\/v2\/pages\/20","targetHints":{"allow":["GET"]}}],"collection":[{"href":"https:\/\/rynoxai.com\/es\/wp-json\/wp\/v2\/pages"}],"about":[{"href":"https:\/\/rynoxai.com\/es\/wp-json\/wp\/v2\/types\/page"}],"author":[{"embeddable":true,"href":"https:\/\/rynoxai.com\/es\/wp-json\/wp\/v2\/users\/1"}],"replies":[{"embeddable":true,"href":"https:\/\/rynoxai.com\/es\/wp-json\/wp\/v2\/comments?post=20"}],"version-history":[{"count":0,"href":"https:\/\/rynoxai.com\/es\/wp-json\/wp\/v2\/pages\/20\/revisions"}],"wp:attachment":[{"href":"https:\/\/rynoxai.com\/es\/wp-json\/wp\/v2\/media?parent=20"}],"curies":[{"name":"wp","href":"https:\/\/api.w.org\/{rel}","templated":true}]}}