{"id":14,"date":"2025-09-25T06:10:40","date_gmt":"2025-09-25T06:10:40","guid":{"rendered":"https:\/\/rynoxai.com\/?page_id=14"},"modified":"2025-09-25T12:42:50","modified_gmt":"2025-09-25T12:42:50","slug":"sobre-nos","status":"publish","type":"page","link":"https:\/\/rynoxai.com\/pt\/about-us\/","title":{"rendered":"Sobre n\u00f3s"},"content":{"rendered":"<div data-elementor-type=\"wp-page\" data-elementor-id=\"14\" class=\"elementor elementor-14\" data-elementor-post-type=\"page\">\n\t\t\t\t<div class=\"elementor-element elementor-element-a25ae5d e-flex e-con-boxed e-con e-parent\" data-id=\"a25ae5d\" data-element_type=\"container\" data-e-type=\"container\">\n\t\t\t\t\t<div class=\"e-con-inner\">\n\t\t\t\t<div class=\"elementor-element elementor-element-564afbc elementor-widget elementor-widget-heading\" data-id=\"564afbc\" data-element_type=\"widget\" data-e-type=\"widget\" data-widget_type=\"heading.default\">\n\t\t\t\t\t<h1 class=\"elementor-heading-title elementor-size-default\"><span style=\"color:#8a705d\">Sobre <\/span> N\u00f3s<\/h1>\t\t\t\t<\/div>\n\t\t\t\t<div class=\"elementor-element elementor-element-bd60206 elementor-icon-list--layout-inline elementor-list-item-link-full_width elementor-widget elementor-widget-icon-list\" data-id=\"bd60206\" data-element_type=\"widget\" data-e-type=\"widget\" data-widget_type=\"icon-list.default\">\n\t\t\t\t\t\t\t<ul class=\"elementor-icon-list-items elementor-inline-items\">\n\t\t\t\t\t\t\t<li class=\"elementor-icon-list-item elementor-inline-item\">\n\t\t\t\t\t\t\t\t\t\t\t<a href=\"https:\/\/rynoxai.com\/pt\">\n\n\t\t\t\t\t\t\t\t\t\t\t<span class=\"elementor-icon-list-text\">Lar<\/span>\n\t\t\t\t\t\t\t\t\t\t\t<\/a>\n\t\t\t\t\t\t\t\t\t<\/li>\n\t\t\t\t\t\t\t\t<li class=\"elementor-icon-list-item elementor-inline-item\">\n\t\t\t\t\t\t\t\t\t\t\t<span class=\"elementor-icon-list-icon\">\n\t\t\t\t\t\t\t<svg aria-hidden=\"true\" class=\"e-font-icon-svg e-fas-share\" viewbox=\"0 0 512 512\" xmlns=\"http:\/\/www.w3.org\/2000\/svg\"><path d=\"M503.691 189.836L327.687 37.851C312.281 24.546 288 35.347 288 56.015v80.053C127.371 137.907 0 170.1 0 322.326c0 61.441 39.581 122.309 83.333 154.132 13.653 9.931 33.111-2.533 28.077-18.631C66.066 312.814 132.917 274.316 288 272.085V360c0 20.7 24.3 31.453 39.687 18.164l176.004-152c11.071-9.562 11.086-26.753 0-36.328z\"><\/path><\/svg>\t\t\t\t\t\t<\/span>\n\t\t\t\t\t\t\t\t\t\t<span class=\"elementor-icon-list-text\">Sobre n\u00f3s<\/span>\n\t\t\t\t\t\t\t\t\t<\/li>\n\t\t\t\t\t\t<\/ul>\n\t\t\t\t\t\t<\/div>\n\t\t\t\t\t<\/div>\n\t\t\t\t<\/div>\n\t\t<div class=\"elementor-element elementor-element-bf84735 e-flex e-con-boxed e-con e-parent\" data-id=\"bf84735\" data-element_type=\"container\" data-e-type=\"container\">\n\t\t\t\t\t<div class=\"e-con-inner\">\n\t\t<div class=\"elementor-element elementor-element-e59ba2a e-con-full e-flex e-con e-child\" data-id=\"e59ba2a\" data-element_type=\"container\" data-e-type=\"container\">\n\t\t\t\t<div class=\"elementor-element elementor-element-cc7dca7 elementor-widget elementor-widget-heading\" data-id=\"cc7dca7\" data-element_type=\"widget\" data-e-type=\"widget\" data-widget_type=\"heading.default\">\n\t\t\t\t\t<h2 class=\"elementor-heading-title elementor-size-default\">Capacitando os Traders com <span style=\"color:#8a705d\">Inteligente <\/span> Tecnologia<\/h2>\t\t\t\t<\/div>\n\t\t\t\t<div class=\"elementor-element elementor-element-b41b038 elementor-widget elementor-widget-text-editor\" data-id=\"b41b038\" data-element_type=\"widget\" data-e-type=\"widget\" data-widget_type=\"text-editor.default\">\n\t\t\t\t\t\t\t\t\tNa Rynox AI, nossa miss\u00e3o \u00e9 tornar o trading sofisticado acess\u00edvel a todos. Combinamos intelig\u00eancia artificial avan\u00e7ada, an\u00e1lise de mercado em tempo real e uma plataforma intuitiva para ajudar os investidores a operar com mais intelig\u00eancia e confian\u00e7a. Nossa equipe de analistas de mercado, cientistas de dados e especialistas em tecnologia trabalha incansavelmente para fornecer ferramentas seguras e confi\u00e1veis \u200b\u200bque se adaptam \u00e0s condi\u00e7\u00f5es de mercado em constante mudan\u00e7a. Seja voc\u00ea um trader iniciante ou um profissional experiente, a Rynox AI oferece a inova\u00e7\u00e3o e o suporte necess\u00e1rios para voc\u00ea se manter \u00e0 frente da concorr\u00eancia.\t\t\t\t\t\t\t\t<\/div>\n\t\t\t\t<\/div>\n\t\t<div class=\"elementor-element elementor-element-14f0249 e-con-full e-flex e-con e-child\" data-id=\"14f0249\" data-element_type=\"container\" data-e-type=\"container\">\n\t\t\t\t<div class=\"elementor-element elementor-element-c1e7a5a elementor-widget elementor-widget-image\" data-id=\"c1e7a5a\" data-element_type=\"widget\" data-e-type=\"widget\" data-widget_type=\"image.default\">\n\t\t\t\t\t\t\t\t\t\t\t\t\t\t\t<img fetchpriority=\"high\" decoding=\"async\" width=\"740\" height=\"740\" src=\"https:\/\/rynoxai.com\/wp-content\/uploads\/2025\/09\/man-sits-desk-front-computer-scr.webp\" class=\"attachment-large size-large wp-image-151\" alt=\"Rynox auto trading\" srcset=\"https:\/\/rynoxai.com\/wp-content\/uploads\/2025\/09\/man-sits-desk-front-computer-scr.webp 740w, https:\/\/rynoxai.com\/wp-content\/uploads\/2025\/09\/man-sits-desk-front-computer-scr-300x300.webp 300w, https:\/\/rynoxai.com\/wp-content\/uploads\/2025\/09\/man-sits-desk-front-computer-scr-150x150.webp 150w\" sizes=\"(max-width: 740px) 100vw, 740px\" \/>\t\t\t\t\t\t\t\t\t\t\t\t\t\t\t<\/div>\n\t\t\t\t<\/div>\n\t\t\t\t\t<\/div>\n\t\t\t\t<\/div>\n\t\t<div class=\"elementor-element elementor-element-4702eb9 e-flex e-con-boxed e-con e-parent\" data-id=\"4702eb9\" data-element_type=\"container\" data-e-type=\"container\">\n\t\t\t\t\t<div class=\"e-con-inner\">\n\t\t<div class=\"elementor-element elementor-element-40db359 e-con-full e-flex e-con e-child\" data-id=\"40db359\" data-element_type=\"container\" data-e-type=\"container\" data-settings=\"{&quot;background_background&quot;:&quot;classic&quot;}\">\n\t\t<div class=\"elementor-element elementor-element-56e7e4a e-con-full e-flex e-con e-child\" data-id=\"56e7e4a\" data-element_type=\"container\" data-e-type=\"container\">\n\t\t\t\t<div class=\"elementor-element elementor-element-feaf958 elementor-widget elementor-widget-heading\" data-id=\"feaf958\" data-element_type=\"widget\" data-e-type=\"widget\" data-widget_type=\"heading.default\">\n\t\t\t\t\t<h2 class=\"elementor-heading-title elementor-size-default\">Nossa Vis\u00e3o e Compromisso<\/h2>\t\t\t\t<\/div>\n\t\t\t\t<div class=\"elementor-element elementor-element-35d6fd4 elementor-widget elementor-widget-text-editor\" data-id=\"35d6fd4\" data-element_type=\"widget\" data-e-type=\"widget\" data-widget_type=\"text-editor.default\">\n\t\t\t\t\t\t\t\t\tA Rynox AI foi fundada na cren\u00e7a de que a tecnologia de ponta deve capacitar, e n\u00e3o intimidar, os investidores do dia a dia. Nossa vis\u00e3o \u00e9 criar um mundo onde qualquer pessoa possa negociar com confian\u00e7a, com o suporte da automa\u00e7\u00e3o inteligente e dados transparentes. Estamos comprometidos com a inova\u00e7\u00e3o cont\u00ednua, padr\u00f5es de seguran\u00e7a rigorosos e atendimento excepcional ao cliente \u2014 para que voc\u00ea possa se concentrar em alcan\u00e7ar seus objetivos financeiros enquanto n\u00f3s cuidamos da complexidade dos mercados.\t\t\t\t\t\t\t\t<\/div>\n\t\t\t\t<\/div>\n\t\t<div class=\"elementor-element elementor-element-f8e4336 e-con-full e-flex e-con e-child\" data-id=\"f8e4336\" data-element_type=\"container\" data-e-type=\"container\">\n\t\t\t\t<div class=\"elementor-element elementor-element-6d82073 elementor-widget__width-initial elementor-widget elementor-widget-image\" data-id=\"6d82073\" data-element_type=\"widget\" data-e-type=\"widget\" data-widget_type=\"image.default\">\n\t\t\t\t\t\t\t\t\t\t\t\t\t\t\t<img decoding=\"async\" width=\"408\" height=\"612\" src=\"https:\/\/rynoxai.com\/wp-content\/uploads\/2025\/09\/raw__5_-removebg-preview.webp\" class=\"attachment-large size-large wp-image-153\" alt=\"person\" srcset=\"https:\/\/rynoxai.com\/wp-content\/uploads\/2025\/09\/raw__5_-removebg-preview.webp 408w, https:\/\/rynoxai.com\/wp-content\/uploads\/2025\/09\/raw__5_-removebg-preview-200x300.webp 200w\" sizes=\"(max-width: 408px) 100vw, 408px\" \/>\t\t\t\t\t\t\t\t\t\t\t\t\t\t\t<\/div>\n\t\t\t\t<\/div>\n\t\t\t\t<\/div>\n\t\t\t\t\t<\/div>\n\t\t\t\t<\/div>\n\t\t<div class=\"elementor-element elementor-element-2a8ae53 e-flex e-con-boxed e-con e-parent\" data-id=\"2a8ae53\" data-element_type=\"container\" data-e-type=\"container\">\n\t\t\t\t\t<div class=\"e-con-inner\">\n\t\t<div class=\"elementor-element elementor-element-284d8ab e-con-full e-flex e-con e-child\" data-id=\"284d8ab\" data-element_type=\"container\" data-e-type=\"container\">\n\t\t\t\t<div class=\"elementor-element elementor-element-6b9c610 elementor-widget elementor-widget-image\" data-id=\"6b9c610\" data-element_type=\"widget\" data-e-type=\"widget\" data-widget_type=\"image.default\">\n\t\t\t\t\t\t\t\t\t\t\t\t\t\t\t<img decoding=\"async\" width=\"740\" height=\"740\" src=\"https:\/\/rynoxai.com\/wp-content\/uploads\/2025\/09\/focused-forex-trader-analyzing-l.webp\" class=\"attachment-large size-large wp-image-154\" alt=\"Rynox AI trading system\" srcset=\"https:\/\/rynoxai.com\/wp-content\/uploads\/2025\/09\/focused-forex-trader-analyzing-l.webp 740w, https:\/\/rynoxai.com\/wp-content\/uploads\/2025\/09\/focused-forex-trader-analyzing-l-300x300.webp 300w, https:\/\/rynoxai.com\/wp-content\/uploads\/2025\/09\/focused-forex-trader-analyzing-l-150x150.webp 150w\" sizes=\"(max-width: 740px) 100vw, 740px\" \/>\t\t\t\t\t\t\t\t\t\t\t\t\t\t\t<\/div>\n\t\t\t\t<\/div>\n\t\t<div class=\"elementor-element elementor-element-6d34a9c e-con-full e-flex e-con e-child\" data-id=\"6d34a9c\" data-element_type=\"container\" data-e-type=\"container\">\n\t\t\t\t<div class=\"elementor-element elementor-element-b384b1e elementor-widget elementor-widget-heading\" data-id=\"b384b1e\" data-element_type=\"widget\" data-e-type=\"widget\" data-widget_type=\"heading.default\">\n\t\t\t\t\t<h2 class=\"elementor-heading-title elementor-size-default\">Impulsionado por <span style=\"color:#8a705d\">Especializa\u00e7\u00e3o<\/span> Impulsionado pela inova\u00e7\u00e3o<\/h2>\t\t\t\t<\/div>\n\t\t\t\t<div class=\"elementor-element elementor-element-c304123 elementor-widget elementor-widget-text-editor\" data-id=\"c304123\" data-element_type=\"widget\" data-e-type=\"widget\" data-widget_type=\"text-editor.default\">\n\t\t\t\t\t\t\t\t\t<p>Por tr\u00e1s da Rynox AI est\u00e1 uma equipe diversificada de analistas de mercado, cientistas de dados e profissionais de tecnologia dedicados a redefinir o mercado financeiro moderno. Combinamos profundo conhecimento financeiro com pesquisa de ponta em IA para criar ferramentas que n\u00e3o s\u00e3o apenas poderosas, mas tamb\u00e9m intuitivas e seguras. Cada recurso que lan\u00e7amos \u00e9 resultado de pesquisa cuidadosa e testes rigorosos \u2014 para que voc\u00ea possa confiar em uma plataforma que evolui com os mercados e mant\u00e9m seus investimentos \u00e0 frente da concorr\u00eancia.<\/p>\t\t\t\t\t\t\t\t<\/div>\n\t\t\t\t<\/div>\n\t\t\t\t\t<\/div>\n\t\t\t\t<\/div>\n\t\t\t\t<\/div>","protected":false},"excerpt":{"rendered":"<p>About Us Home About Us Empowering Traders with Intelligent Technology At Rynox AI, our mission is to make sophisticated trading accessible to everyone. We combine advanced artificial intelligence, real-time market analysis, and a user-friendly platform to help investors trade smarter and with greater confidence. Our team of market analysts, data scientists, and technology experts works [&hellip;]<\/p>\n","protected":false},"author":1,"featured_media":0,"parent":0,"menu_order":0,"comment_status":"closed","ping_status":"closed","template":"elementor_header_footer","meta":{"footnotes":""},"class_list":["post-14","page","type-page","status-publish","hentry"],"_links":{"self":[{"href":"https:\/\/rynoxai.com\/pt\/wp-json\/wp\/v2\/pages\/14","targetHints":{"allow":["GET"]}}],"collection":[{"href":"https:\/\/rynoxai.com\/pt\/wp-json\/wp\/v2\/pages"}],"about":[{"href":"https:\/\/rynoxai.com\/pt\/wp-json\/wp\/v2\/types\/page"}],"author":[{"embeddable":true,"href":"https:\/\/rynoxai.com\/pt\/wp-json\/wp\/v2\/users\/1"}],"replies":[{"embeddable":true,"href":"https:\/\/rynoxai.com\/pt\/wp-json\/wp\/v2\/comments?post=14"}],"version-history":[{"count":0,"href":"https:\/\/rynoxai.com\/pt\/wp-json\/wp\/v2\/pages\/14\/revisions"}],"wp:attachment":[{"href":"https:\/\/rynoxai.com\/pt\/wp-json\/wp\/v2\/media?parent=14"}],"curies":[{"name":"wp","href":"https:\/\/api.w.org\/{rel}","templated":true}]}}