{"id":18,"date":"2025-09-25T06:12:46","date_gmt":"2025-09-25T06:12:46","guid":{"rendered":"https:\/\/rynoxai.com\/?page_id=18"},"modified":"2025-09-26T06:26:22","modified_gmt":"2025-09-26T06:26:22","slug":"politica-de-privacidade","status":"publish","type":"page","link":"https:\/\/rynoxai.com\/pt\/privacy-policy\/","title":{"rendered":"pol\u00edtica de Privacidade"},"content":{"rendered":"<div data-elementor-type=\"wp-page\" data-elementor-id=\"18\" class=\"elementor elementor-18\" data-elementor-post-type=\"page\">\n\t\t\t\t<div class=\"elementor-element elementor-element-740cd65 e-flex e-con-boxed e-con e-parent\" data-id=\"740cd65\" data-element_type=\"container\" data-e-type=\"container\">\n\t\t\t\t\t<div class=\"e-con-inner\">\n\t\t\t\t<div class=\"elementor-element elementor-element-736779a elementor-widget elementor-widget-heading\" data-id=\"736779a\" data-element_type=\"widget\" data-e-type=\"widget\" data-widget_type=\"heading.default\">\n\t\t\t\t\t<h1 class=\"elementor-heading-title elementor-size-default\"><span style=\"color:#8a705d\">Privacidade <\/span> Pol\u00edtica<\/h1>\t\t\t\t<\/div>\n\t\t\t\t<div class=\"elementor-element elementor-element-03f80e0 elementor-icon-list--layout-inline elementor-list-item-link-full_width elementor-widget elementor-widget-icon-list\" data-id=\"03f80e0\" data-element_type=\"widget\" data-e-type=\"widget\" data-widget_type=\"icon-list.default\">\n\t\t\t\t\t\t\t<ul class=\"elementor-icon-list-items elementor-inline-items\">\n\t\t\t\t\t\t\t<li class=\"elementor-icon-list-item elementor-inline-item\">\n\t\t\t\t\t\t\t\t\t\t\t<a href=\"https:\/\/rynoxai.com\/pt\">\n\n\t\t\t\t\t\t\t\t\t\t\t<span class=\"elementor-icon-list-text\">Lar<\/span>\n\t\t\t\t\t\t\t\t\t\t\t<\/a>\n\t\t\t\t\t\t\t\t\t<\/li>\n\t\t\t\t\t\t\t\t<li class=\"elementor-icon-list-item elementor-inline-item\">\n\t\t\t\t\t\t\t\t\t\t\t<span class=\"elementor-icon-list-icon\">\n\t\t\t\t\t\t\t<svg aria-hidden=\"true\" class=\"e-font-icon-svg e-fas-share\" viewbox=\"0 0 512 512\" xmlns=\"http:\/\/www.w3.org\/2000\/svg\"><path d=\"M503.691 189.836L327.687 37.851C312.281 24.546 288 35.347 288 56.015v80.053C127.371 137.907 0 170.1 0 322.326c0 61.441 39.581 122.309 83.333 154.132 13.653 9.931 33.111-2.533 28.077-18.631C66.066 312.814 132.917 274.316 288 272.085V360c0 20.7 24.3 31.453 39.687 18.164l176.004-152c11.071-9.562 11.086-26.753 0-36.328z\"><\/path><\/svg>\t\t\t\t\t\t<\/span>\n\t\t\t\t\t\t\t\t\t\t<span class=\"elementor-icon-list-text\">pol\u00edtica de Privacidade<\/span>\n\t\t\t\t\t\t\t\t\t<\/li>\n\t\t\t\t\t\t<\/ul>\n\t\t\t\t\t\t<\/div>\n\t\t\t\t\t<\/div>\n\t\t\t\t<\/div>\n\t\t<div class=\"elementor-element elementor-element-652262b e-flex e-con-boxed e-con e-parent\" data-id=\"652262b\" data-element_type=\"container\" data-e-type=\"container\">\n\t\t\t\t\t<div class=\"e-con-inner\">\n\t\t\t\t<div class=\"elementor-element elementor-element-c8c6801 elementor-widget elementor-widget-text-editor\" data-id=\"c8c6801\" data-element_type=\"widget\" data-e-type=\"widget\" data-widget_type=\"text-editor.default\">\n\t\t\t\t\t\t\t\t\tNa Rynox AI, sua privacidade \u00e9 nossa prioridade. Esta Pol\u00edtica de Privacidade explica como coletamos, usamos e protegemos suas informa\u00e7\u00f5es pessoais quando voc\u00ea visita nosso site, usa nossa plataforma ou interage com nossos servi\u00e7os.\t\t\t\t\t\t\t\t<\/div>\n\t\t\t\t<div class=\"elementor-element elementor-element-8ee6e4a elementor-widget elementor-widget-heading\" data-id=\"8ee6e4a\" data-element_type=\"widget\" data-e-type=\"widget\" data-widget_type=\"heading.default\">\n\t\t\t\t\t<h2 class=\"elementor-heading-title elementor-size-default\">1. Informa\u00e7\u00f5es que coletamos<\/h2>\t\t\t\t<\/div>\n\t\t\t\t<div class=\"elementor-element elementor-element-3baf877 elementor-widget elementor-widget-text-editor\" data-id=\"3baf877\" data-element_type=\"widget\" data-e-type=\"widget\" data-widget_type=\"text-editor.default\">\n\t\t\t\t\t\t\t\t\t<ul>\n  <li><strong>Informa\u00e7\u00f5es pessoais:<\/strong> Nome, endere\u00e7o de e-mail, n\u00famero de telefone e detalhes de pagamento fornecidos durante o cadastro da conta ou transa\u00e7\u00f5es.<\/li>\n  <li><strong>Usage Data:<\/strong> Endere\u00e7o IP, tipo de navegador, informa\u00e7\u00f5es do dispositivo e estat\u00edsticas de uso do site s\u00e3o coletados automaticamente.<\/li>\n  <li class=\"translation-block\"><strong>Cookies e rastreamento:<\/strong> Cookies e tecnologias semelhantes s\u00e3o usados \u200b\u200bpara melhorar a experi\u00eancia do usu\u00e1rio e analisar o desempenho.<\/li>\n<\/ul>\n\t\t\t\t\t\t\t\t<\/div>\n\t\t\t\t<div class=\"elementor-element elementor-element-68282ad elementor-widget elementor-widget-heading\" data-id=\"68282ad\" data-element_type=\"widget\" data-e-type=\"widget\" data-widget_type=\"heading.default\">\n\t\t\t\t\t<h2 class=\"elementor-heading-title elementor-size-default\">2. Como utilizamos suas informa\u00e7\u00f5es<\/h2>\t\t\t\t<\/div>\n\t\t\t\t<div class=\"elementor-element elementor-element-f770df9 elementor-widget elementor-widget-text-editor\" data-id=\"f770df9\" data-element_type=\"widget\" data-e-type=\"widget\" data-widget_type=\"text-editor.default\">\n\t\t\t\t\t\t\t\t\t<p>Utilizamos seus dados para:<\/p>\n<ul>\n  <li>Fornecer, manter e aprimorar nossa plataforma de negocia\u00e7\u00e3o.<\/li>\n  <li>Processe pagamentos e gerencie sua conta.<\/li>\n  <li>Comunicar atualiza\u00e7\u00f5es, ofertas ou alertas de seguran\u00e7a.<\/li>\n  <li>Garantir o cumprimento das obriga\u00e7\u00f5es legais<\/li>\n<\/ul>\n\t\t\t\t\t\t\t\t<\/div>\n\t\t\t\t<div class=\"elementor-element elementor-element-e821b8f elementor-widget elementor-widget-heading\" data-id=\"e821b8f\" data-element_type=\"widget\" data-e-type=\"widget\" data-widget_type=\"heading.default\">\n\t\t\t\t\t<h2 class=\"elementor-heading-title elementor-size-default\">3. Prote\u00e7\u00e3o de Dados<\/h2>\t\t\t\t<\/div>\n\t\t\t\t<div class=\"elementor-element elementor-element-84c4900 elementor-widget elementor-widget-text-editor\" data-id=\"84c4900\" data-element_type=\"widget\" data-e-type=\"widget\" data-widget_type=\"text-editor.default\">\n\t\t\t\t\t\t\t\t\tImplementamos criptografia padr\u00e3o do setor e servidores seguros para proteger suas informa\u00e7\u00f5es pessoais e financeiras contra acesso, divulga\u00e7\u00e3o ou altera\u00e7\u00e3o n\u00e3o autorizados.\t\t\t\t\t\t\t\t<\/div>\n\t\t\t\t<div class=\"elementor-element elementor-element-279e641 elementor-widget elementor-widget-heading\" data-id=\"279e641\" data-element_type=\"widget\" data-e-type=\"widget\" data-widget_type=\"heading.default\">\n\t\t\t\t\t<h2 class=\"elementor-heading-title elementor-size-default\">4. Partilha de Informa\u00e7\u00e3o<\/h2>\t\t\t\t<\/div>\n\t\t\t\t<div class=\"elementor-element elementor-element-64afe4d elementor-widget elementor-widget-text-editor\" data-id=\"64afe4d\" data-element_type=\"widget\" data-e-type=\"widget\" data-widget_type=\"text-editor.default\">\n\t\t\t\t\t\t\t\t\t<p>N\u00e3o vendemos nem alugamos dados pessoais. Podemos compartilhar informa\u00e7\u00f5es limitadas apenas com fornecedores terceirizados confi\u00e1veis \u200b\u200bque auxiliam nas opera\u00e7\u00f5es da plataforma, no processamento de pagamentos ou na conformidade regulat\u00f3ria.<\/p>\t\t\t\t\t\t\t\t<\/div>\n\t\t\t\t<div class=\"elementor-element elementor-element-f56a65c elementor-widget elementor-widget-heading\" data-id=\"f56a65c\" data-element_type=\"widget\" data-e-type=\"widget\" data-widget_type=\"heading.default\">\n\t\t\t\t\t<h2 class=\"elementor-heading-title elementor-size-default\">5. Seus direitos<\/h2>\t\t\t\t<\/div>\n\t\t\t\t<div class=\"elementor-element elementor-element-2fb5320 elementor-widget elementor-widget-text-editor\" data-id=\"2fb5320\" data-element_type=\"widget\" data-e-type=\"widget\" data-widget_type=\"text-editor.default\">\n\t\t\t\t\t\t\t\t\t<p>Voc\u00ea tem o direito a:<\/p>\n<ul>\n  <li>Aceda e corrija as suas informa\u00e7\u00f5es pessoais<\/li>\n  <li>Solicitar a elimina\u00e7\u00e3o dos seus dados (sujeito aos requisitos legais)<\/li>\n  <li>Voc\u00ea pode cancelar o recebimento de comunica\u00e7\u00f5es de marketing a qualquer momento.<\/li>\n<\/ul>\t\t\t\t\t\t\t\t<\/div>\n\t\t\t\t<div class=\"elementor-element elementor-element-bdc28c7 elementor-widget elementor-widget-heading\" data-id=\"bdc28c7\" data-element_type=\"widget\" data-e-type=\"widget\" data-widget_type=\"heading.default\">\n\t\t\t\t\t<h2 class=\"elementor-heading-title elementor-size-default\">6. Biscoitos<\/h2>\t\t\t\t<\/div>\n\t\t\t\t<div class=\"elementor-element elementor-element-033ee21 elementor-widget elementor-widget-text-editor\" data-id=\"033ee21\" data-element_type=\"widget\" data-e-type=\"widget\" data-widget_type=\"text-editor.default\">\n\t\t\t\t\t\t\t\t\t<p>Voc\u00ea pode ajustar as configura\u00e7\u00f5es do seu navegador para recusar cookies ou para alert\u00e1-lo quando cookies estiverem sendo enviados. No entanto, algumas partes do site podem n\u00e3o funcionar corretamente sem eles.<\/p>\t\t\t\t\t\t\t\t<\/div>\n\t\t\t\t<div class=\"elementor-element elementor-element-959eaf6 elementor-widget elementor-widget-heading\" data-id=\"959eaf6\" data-element_type=\"widget\" data-e-type=\"widget\" data-widget_type=\"heading.default\">\n\t\t\t\t\t<h2 class=\"elementor-heading-title elementor-size-default\">7. Links de terceiros<\/h2>\t\t\t\t<\/div>\n\t\t\t\t<div class=\"elementor-element elementor-element-fec5070 elementor-widget elementor-widget-text-editor\" data-id=\"fec5070\" data-element_type=\"widget\" data-e-type=\"widget\" data-widget_type=\"text-editor.default\">\n\t\t\t\t\t\t\t\t\tNosso site pode conter links para sites externos. N\u00e3o nos responsabilizamos pelas pr\u00e1ticas de privacidade ou pelo conte\u00fado desses terceiros.\t\t\t\t\t\t\t\t<\/div>\n\t\t\t\t<div class=\"elementor-element elementor-element-a04c826 elementor-widget elementor-widget-heading\" data-id=\"a04c826\" data-element_type=\"widget\" data-e-type=\"widget\" data-widget_type=\"heading.default\">\n\t\t\t\t\t<h2 class=\"elementor-heading-title elementor-size-default\">8. Atualiza\u00e7\u00f5es desta Pol\u00edtica<\/h2>\t\t\t\t<\/div>\n\t\t\t\t<div class=\"elementor-element elementor-element-8c7e471 elementor-widget elementor-widget-text-editor\" data-id=\"8c7e471\" data-element_type=\"widget\" data-e-type=\"widget\" data-widget_type=\"text-editor.default\">\n\t\t\t\t\t\t\t\t\tPodemos atualizar esta Pol\u00edtica de Privacidade para refletir mudan\u00e7as em nossas pr\u00e1ticas ou por motivos legais. As atualiza\u00e7\u00f5es ser\u00e3o publicadas nesta p\u00e1gina com uma nova data de vig\u00eancia.\t\t\t\t\t\t\t\t<\/div>\n\t\t\t\t<div class=\"elementor-element elementor-element-52545f6 elementor-widget elementor-widget-heading\" data-id=\"52545f6\" data-element_type=\"widget\" data-e-type=\"widget\" data-widget_type=\"heading.default\">\n\t\t\t\t\t<h2 class=\"elementor-heading-title elementor-size-default\">9. Contate-nos<\/h2>\t\t\t\t<\/div>\n\t\t\t\t<div class=\"elementor-element elementor-element-4ba43bc elementor-widget elementor-widget-text-editor\" data-id=\"4ba43bc\" data-element_type=\"widget\" data-e-type=\"widget\" data-widget_type=\"text-editor.default\">\n\t\t\t\t\t\t\t\t\t<p>Se voc\u00ea tiver d\u00favidas sobre esta Pol\u00edtica de Privacidade ou sobre como tratamos seus dados, entre em contato conosco:<br \/>Email: <a href=\"mailto:support@rynoxai.com\"><strong>support@rynoxai.com<\/strong><\/a><\/p>\t\t\t\t\t\t\t\t<\/div>\n\t\t\t\t\t<\/div>\n\t\t\t\t<\/div>\n\t\t\t\t<\/div>","protected":false},"excerpt":{"rendered":"<p>Privacy Policy Home Privacy Policy At Rynox AI, your privacy is our priority. This Privacy Policy explains how we collect, use, and protect your personal information when you visit our website, use our platform, or engage with our services. 1. Information We Collect Personal Information: Name, email address, phone number, and payment details provided during [&hellip;]<\/p>\n","protected":false},"author":1,"featured_media":0,"parent":0,"menu_order":0,"comment_status":"closed","ping_status":"closed","template":"elementor_header_footer","meta":{"footnotes":""},"class_list":["post-18","page","type-page","status-publish","hentry"],"_links":{"self":[{"href":"https:\/\/rynoxai.com\/pt\/wp-json\/wp\/v2\/pages\/18","targetHints":{"allow":["GET"]}}],"collection":[{"href":"https:\/\/rynoxai.com\/pt\/wp-json\/wp\/v2\/pages"}],"about":[{"href":"https:\/\/rynoxai.com\/pt\/wp-json\/wp\/v2\/types\/page"}],"author":[{"embeddable":true,"href":"https:\/\/rynoxai.com\/pt\/wp-json\/wp\/v2\/users\/1"}],"replies":[{"embeddable":true,"href":"https:\/\/rynoxai.com\/pt\/wp-json\/wp\/v2\/comments?post=18"}],"version-history":[{"count":0,"href":"https:\/\/rynoxai.com\/pt\/wp-json\/wp\/v2\/pages\/18\/revisions"}],"wp:attachment":[{"href":"https:\/\/rynoxai.com\/pt\/wp-json\/wp\/v2\/media?parent=18"}],"curies":[{"name":"wp","href":"https:\/\/api.w.org\/{rel}","templated":true}]}}