{"id":20,"date":"2025-09-25T06:13:15","date_gmt":"2025-09-25T06:13:15","guid":{"rendered":"https:\/\/rynoxai.com\/?page_id=20"},"modified":"2025-09-26T07:50:37","modified_gmt":"2025-09-26T07:50:37","slug":"termos-e-condicoes","status":"publish","type":"page","link":"https:\/\/rynoxai.com\/pt\/terms-and-conditions\/","title":{"rendered":"Terms and Conditions"},"content":{"rendered":"<div data-elementor-type=\"wp-page\" data-elementor-id=\"20\" class=\"elementor elementor-20\" data-elementor-post-type=\"page\">\n\t\t\t\t<div class=\"elementor-element elementor-element-9836c70 e-flex e-con-boxed e-con e-parent\" data-id=\"9836c70\" data-element_type=\"container\" data-e-type=\"container\">\n\t\t\t\t\t<div class=\"e-con-inner\">\n\t\t\t\t<div class=\"elementor-element elementor-element-379b637 elementor-widget elementor-widget-heading\" data-id=\"379b637\" data-element_type=\"widget\" data-e-type=\"widget\" data-widget_type=\"heading.default\">\n\t\t\t\t\t<h1 class=\"elementor-heading-title elementor-size-default\"><span style=\"color:#8a705d\">Termos e Condi\u00e7\u00f5es<\/span> Condi\u00e7\u00f5es<\/h1>\t\t\t\t<\/div>\n\t\t\t\t<div class=\"elementor-element elementor-element-302bad7 elementor-icon-list--layout-inline elementor-list-item-link-full_width elementor-widget elementor-widget-icon-list\" data-id=\"302bad7\" data-element_type=\"widget\" data-e-type=\"widget\" data-widget_type=\"icon-list.default\">\n\t\t\t\t\t\t\t<ul class=\"elementor-icon-list-items elementor-inline-items\">\n\t\t\t\t\t\t\t<li class=\"elementor-icon-list-item elementor-inline-item\">\n\t\t\t\t\t\t\t\t\t\t\t<a href=\"https:\/\/rynoxai.com\/pt\">\n\n\t\t\t\t\t\t\t\t\t\t\t<span class=\"elementor-icon-list-text\">Lar<\/span>\n\t\t\t\t\t\t\t\t\t\t\t<\/a>\n\t\t\t\t\t\t\t\t\t<\/li>\n\t\t\t\t\t\t\t\t<li class=\"elementor-icon-list-item elementor-inline-item\">\n\t\t\t\t\t\t\t\t\t\t\t<span class=\"elementor-icon-list-icon\">\n\t\t\t\t\t\t\t<svg aria-hidden=\"true\" class=\"e-font-icon-svg e-fas-share\" viewbox=\"0 0 512 512\" xmlns=\"http:\/\/www.w3.org\/2000\/svg\"><path d=\"M503.691 189.836L327.687 37.851C312.281 24.546 288 35.347 288 56.015v80.053C127.371 137.907 0 170.1 0 322.326c0 61.441 39.581 122.309 83.333 154.132 13.653 9.931 33.111-2.533 28.077-18.631C66.066 312.814 132.917 274.316 288 272.085V360c0 20.7 24.3 31.453 39.687 18.164l176.004-152c11.071-9.562 11.086-26.753 0-36.328z\"><\/path><\/svg>\t\t\t\t\t\t<\/span>\n\t\t\t\t\t\t\t\t\t\t<span class=\"elementor-icon-list-text\">Termos e Condi\u00e7\u00f5es<\/span>\n\t\t\t\t\t\t\t\t\t<\/li>\n\t\t\t\t\t\t<\/ul>\n\t\t\t\t\t\t<\/div>\n\t\t\t\t\t<\/div>\n\t\t\t\t<\/div>\n\t\t<div class=\"elementor-element elementor-element-f0669b7 e-flex e-con-boxed e-con e-parent\" data-id=\"f0669b7\" data-element_type=\"container\" data-e-type=\"container\">\n\t\t\t\t\t<div class=\"e-con-inner\">\n\t\t\t\t<div class=\"elementor-element elementor-element-ecc2334 elementor-widget elementor-widget-text-editor\" data-id=\"ecc2334\" data-element_type=\"widget\" data-e-type=\"widget\" data-widget_type=\"text-editor.default\">\n\t\t\t\t\t\t\t\t\tBem-vindo(a) \u00e0 Rynox AI. Ao acessar ou usar nosso site e plataforma de negocia\u00e7\u00e3o, voc\u00ea concorda com os seguintes termos e condi\u00e7\u00f5es. Leia-os atentamente.\t\t\t\t\t\t\t\t<\/div>\n\t\t\t\t<div class=\"elementor-element elementor-element-4e11d0e elementor-widget elementor-widget-heading\" data-id=\"4e11d0e\" data-element_type=\"widget\" data-e-type=\"widget\" data-widget_type=\"heading.default\">\n\t\t\t\t\t<h2 class=\"elementor-heading-title elementor-size-default\">1. Aceita\u00e7\u00e3o dos Termos<\/h2>\t\t\t\t<\/div>\n\t\t\t\t<div class=\"elementor-element elementor-element-c79beec elementor-widget elementor-widget-text-editor\" data-id=\"c79beec\" data-element_type=\"widget\" data-e-type=\"widget\" data-widget_type=\"text-editor.default\">\n\t\t\t\t\t\t\t\t\tAo criar uma conta ou usar nossos servi\u00e7os, voc\u00ea reconhece que leu, entendeu e concordou com estes Termos e Condi\u00e7\u00f5es. Caso n\u00e3o concorde, voc\u00ea dever\u00e1 interromper o uso da nossa plataforma.\t\t\t\t\t\t\t\t<\/div>\n\t\t\t\t<div class=\"elementor-element elementor-element-afe4e60 elementor-widget elementor-widget-heading\" data-id=\"afe4e60\" data-element_type=\"widget\" data-e-type=\"widget\" data-widget_type=\"heading.default\">\n\t\t\t\t\t<h2 class=\"elementor-heading-title elementor-size-default\">2. Elegibilidade<\/h2>\t\t\t\t<\/div>\n\t\t\t\t<div class=\"elementor-element elementor-element-2798303 elementor-widget elementor-widget-text-editor\" data-id=\"2798303\" data-element_type=\"widget\" data-e-type=\"widget\" data-widget_type=\"text-editor.default\">\n\t\t\t\t\t\t\t\t\t<p>Voc\u00ea precisa ter pelo menos 18 anos de idade ou a maioridade legal em sua jurisdi\u00e7\u00e3o para criar uma conta e usar o Rynox AI.<\/p>\t\t\t\t\t\t\t\t<\/div>\n\t\t\t\t<div class=\"elementor-element elementor-element-7098c9f elementor-widget elementor-widget-heading\" data-id=\"7098c9f\" data-element_type=\"widget\" data-e-type=\"widget\" data-widget_type=\"heading.default\">\n\t\t\t\t\t<h2 class=\"elementor-heading-title elementor-size-default\">3. Responsabilidades da conta<\/h2>\t\t\t\t<\/div>\n\t\t\t\t<div class=\"elementor-element elementor-element-67c20b0 elementor-widget elementor-widget-text-editor\" data-id=\"67c20b0\" data-element_type=\"widget\" data-e-type=\"widget\" data-widget_type=\"text-editor.default\">\n\t\t\t\t\t\t\t\t\t<ul>\n  <li>Voc\u00ea \u00e9 respons\u00e1vel por manter a confidencialidade das credenciais da sua conta.<\/li>\n  <li>Toda a atividade realizada em sua conta \u00e9 de sua responsabilidade.<\/li>\n  <li>Informe-nos imediatamente caso suspeite de uso n\u00e3o autorizado.<\/li>\n<\/ul>\n\t\t\t\t\t\t\t\t<\/div>\n\t\t\t\t<div class=\"elementor-element elementor-element-80bc5ad elementor-widget elementor-widget-heading\" data-id=\"80bc5ad\" data-element_type=\"widget\" data-e-type=\"widget\" data-widget_type=\"heading.default\">\n\t\t\t\t\t<h2 class=\"elementor-heading-title elementor-size-default\">4. Servi\u00e7os Prestados<\/h2>\t\t\t\t<\/div>\n\t\t\t\t<div class=\"elementor-element elementor-element-f30ff79 elementor-widget elementor-widget-text-editor\" data-id=\"f30ff79\" data-element_type=\"widget\" data-e-type=\"widget\" data-widget_type=\"text-editor.default\">\n\t\t\t\t\t\t\t\t\tA Rynox AI oferece ferramentas de negocia\u00e7\u00e3o e an\u00e1lise de mercado baseadas em intelig\u00eancia artificial. N\u00e3o fornecemos aconselhamento financeiro personalizado e todas as decis\u00f5es de negocia\u00e7\u00e3o s\u00e3o de sua inteira responsabilidade.\t\t\t\t\t\t\t\t<\/div>\n\t\t\t\t<div class=\"elementor-element elementor-element-4301bf3 elementor-widget elementor-widget-heading\" data-id=\"4301bf3\" data-element_type=\"widget\" data-e-type=\"widget\" data-widget_type=\"heading.default\">\n\t\t\t\t\t<h2 class=\"elementor-heading-title elementor-size-default\">5. Reconhecimento de Riscos<\/h2>\t\t\t\t<\/div>\n\t\t\t\t<div class=\"elementor-element elementor-element-f8b498f elementor-widget elementor-widget-text-editor\" data-id=\"f8b498f\" data-element_type=\"widget\" data-e-type=\"widget\" data-widget_type=\"text-editor.default\">\n\t\t\t\t\t\t\t\t\t<p>A negocia\u00e7\u00e3o nos mercados financeiros envolve riscos significativos, incluindo a possibilidade de perda de capital. O desempenho passado n\u00e3o garante resultados futuros. Utilize o Rynox AI por sua conta e risco.<\/p>\t\t\t\t\t\t\t\t<\/div>\n\t\t\t\t<div class=\"elementor-element elementor-element-bfe730a elementor-widget elementor-widget-heading\" data-id=\"bfe730a\" data-element_type=\"widget\" data-e-type=\"widget\" data-widget_type=\"heading.default\">\n\t\t\t\t\t<h2 class=\"elementor-heading-title elementor-size-default\">6. Pagamento e taxas<\/h2>\t\t\t\t<\/div>\n\t\t\t\t<div class=\"elementor-element elementor-element-cf11836 elementor-widget elementor-widget-text-editor\" data-id=\"cf11836\" data-element_type=\"widget\" data-e-type=\"widget\" data-widget_type=\"text-editor.default\">\n\t\t\t\t\t\t\t\t\tVoc\u00ea concorda em pagar todas as taxas e encargos aplic\u00e1veis, conforme indicado em nosso site. Todos os pagamentos s\u00e3o definitivos, salvo indica\u00e7\u00e3o em contr\u00e1rio.\t\t\t\t\t\t\t\t<\/div>\n\t\t\t\t<div class=\"elementor-element elementor-element-1bef54d elementor-widget elementor-widget-heading\" data-id=\"1bef54d\" data-element_type=\"widget\" data-e-type=\"widget\" data-widget_type=\"heading.default\">\n\t\t\t\t\t<h2 class=\"elementor-heading-title elementor-size-default\">7. Atividades Proibidas<\/h2>\t\t\t\t<\/div>\n\t\t\t\t<div class=\"elementor-element elementor-element-006c12f elementor-widget elementor-widget-text-editor\" data-id=\"006c12f\" data-element_type=\"widget\" data-e-type=\"widget\" data-widget_type=\"text-editor.default\">\n\t\t\t\t\t\t\t\t\t<p>Voc\u00ea concorda em n\u00e3o<\/p>\n<ul>\n  <li>Utilizar a plataforma para fins ilegais ou fraudulentos.<\/li>\n  <li>Tentativa de interferir na seguran\u00e7a ou no funcionamento adequado da plataforma.<\/li>\n  <li>Copiar, modificar ou fazer engenharia reversa de nosso software ou servi\u00e7os.<\/li>\n<\/ul>\n\t\t\t\t\t\t\t\t<\/div>\n\t\t\t\t<div class=\"elementor-element elementor-element-4954f0c elementor-widget elementor-widget-heading\" data-id=\"4954f0c\" data-element_type=\"widget\" data-e-type=\"widget\" data-widget_type=\"heading.default\">\n\t\t\t\t\t<h2 class=\"elementor-heading-title elementor-size-default\">8. Propriedade Intelectual<\/h2>\t\t\t\t<\/div>\n\t\t\t\t<div class=\"elementor-element elementor-element-f4b2058 elementor-widget elementor-widget-text-editor\" data-id=\"f4b2058\" data-element_type=\"widget\" data-e-type=\"widget\" data-widget_type=\"text-editor.default\">\n\t\t\t\t\t\t\t\t\t<p>Todo o conte\u00fado, marcas registradas e software da Rynox AI s\u00e3o propriedade da empresa e n\u00e3o podem ser reproduzidos ou distribu\u00eddos sem autoriza\u00e7\u00e3o por escrito.<\/p>\t\t\t\t\t\t\t\t<\/div>\n\t\t\t\t<div class=\"elementor-element elementor-element-2790981 elementor-widget elementor-widget-heading\" data-id=\"2790981\" data-element_type=\"widget\" data-e-type=\"widget\" data-widget_type=\"heading.default\">\n\t\t\t\t\t<h2 class=\"elementor-heading-title elementor-size-default\">9. Limita\u00e7\u00e3o de Responsabilidade<\/h2>\t\t\t\t<\/div>\n\t\t\t\t<div class=\"elementor-element elementor-element-20cb509 elementor-widget elementor-widget-text-editor\" data-id=\"20cb509\" data-element_type=\"widget\" data-e-type=\"widget\" data-widget_type=\"text-editor.default\">\n\t\t\t\t\t\t\t\t\tA Rynox AI e suas afiliadas n\u00e3o ser\u00e3o respons\u00e1veis \u200b\u200bpor quaisquer danos indiretos, incidentais ou consequenciais decorrentes do seu uso da plataforma.\t\t\t\t\t\t\t\t<\/div>\n\t\t\t\t<div class=\"elementor-element elementor-element-3a38be3 elementor-widget elementor-widget-heading\" data-id=\"3a38be3\" data-element_type=\"widget\" data-e-type=\"widget\" data-widget_type=\"heading.default\">\n\t\t\t\t\t<h2 class=\"elementor-heading-title elementor-size-default\">10. Rescis\u00e3o.<\/h2>\t\t\t\t<\/div>\n\t\t\t\t<div class=\"elementor-element elementor-element-cf91826 elementor-widget elementor-widget-text-editor\" data-id=\"cf91826\" data-element_type=\"widget\" data-e-type=\"widget\" data-widget_type=\"text-editor.default\">\n\t\t\t\t\t\t\t\t\tPodemos suspender ou encerrar sua conta a nosso crit\u00e9rio se voc\u00ea violar estes Termos e Condi\u00e7\u00f5es ou se envolver em atividades suspeitas.\t\t\t\t\t\t\t\t<\/div>\n\t\t\t\t<div class=\"elementor-element elementor-element-160f360 elementor-widget elementor-widget-heading\" data-id=\"160f360\" data-element_type=\"widget\" data-e-type=\"widget\" data-widget_type=\"heading.default\">\n\t\t\t\t\t<h2 class=\"elementor-heading-title elementor-size-default\">11. Altera\u00e7\u00f5es aos Termos<\/h2>\t\t\t\t<\/div>\n\t\t\t\t<div class=\"elementor-element elementor-element-1fda45d elementor-widget elementor-widget-text-editor\" data-id=\"1fda45d\" data-element_type=\"widget\" data-e-type=\"widget\" data-widget_type=\"text-editor.default\">\n\t\t\t\t\t\t\t\t\tReservamo-nos o direito de modificar estes Termos e Condi\u00e7\u00f5es a qualquer momento. As atualiza\u00e7\u00f5es ser\u00e3o publicadas nesta p\u00e1gina com a data de vig\u00eancia revisada.\t\t\t\t\t\t\t\t<\/div>\n\t\t\t\t<div class=\"elementor-element elementor-element-276e2f5 elementor-widget elementor-widget-heading\" data-id=\"276e2f5\" data-element_type=\"widget\" data-e-type=\"widget\" data-widget_type=\"heading.default\">\n\t\t\t\t\t<h2 class=\"elementor-heading-title elementor-size-default\">12. Contate-nos<\/h2>\t\t\t\t<\/div>\n\t\t\t\t<div class=\"elementor-element elementor-element-dc08579 elementor-widget elementor-widget-text-editor\" data-id=\"dc08579\" data-element_type=\"widget\" data-e-type=\"widget\" data-widget_type=\"text-editor.default\">\n\t\t\t\t\t\t\t\t\t<p>Para d\u00favidas sobre estes Termos e Condi\u00e7\u00f5es, entre em contato conosco atrav\u00e9s do endere\u00e7o: <br \/>E-mail <strong><a href=\"mailto:support@rynoxai.com\">support@rynoxai.com<\/a><\/strong><\/p>\t\t\t\t\t\t\t\t<\/div>\n\t\t\t\t\t<\/div>\n\t\t\t\t<\/div>\n\t\t\t\t<\/div>","protected":false},"excerpt":{"rendered":"<p>Terms &amp; Conditions Home Terms &amp; Conditions Welcome to Rynox AI. By accessing or using our website and trading platform, you agree to the following terms and conditions. Please read them carefully. 1. Acceptance of Terms By creating an account or using our services, you acknowledge that you have read, understood, and agreed to these [&hellip;]<\/p>\n","protected":false},"author":1,"featured_media":0,"parent":0,"menu_order":0,"comment_status":"closed","ping_status":"closed","template":"elementor_header_footer","meta":{"footnotes":""},"class_list":["post-20","page","type-page","status-publish","hentry"],"_links":{"self":[{"href":"https:\/\/rynoxai.com\/pt\/wp-json\/wp\/v2\/pages\/20","targetHints":{"allow":["GET"]}}],"collection":[{"href":"https:\/\/rynoxai.com\/pt\/wp-json\/wp\/v2\/pages"}],"about":[{"href":"https:\/\/rynoxai.com\/pt\/wp-json\/wp\/v2\/types\/page"}],"author":[{"embeddable":true,"href":"https:\/\/rynoxai.com\/pt\/wp-json\/wp\/v2\/users\/1"}],"replies":[{"embeddable":true,"href":"https:\/\/rynoxai.com\/pt\/wp-json\/wp\/v2\/comments?post=20"}],"version-history":[{"count":0,"href":"https:\/\/rynoxai.com\/pt\/wp-json\/wp\/v2\/pages\/20\/revisions"}],"wp:attachment":[{"href":"https:\/\/rynoxai.com\/pt\/wp-json\/wp\/v2\/media?parent=20"}],"curies":[{"name":"wp","href":"https:\/\/api.w.org\/{rel}","templated":true}]}}